{"id":539,"date":"2022-04-22T15:33:15","date_gmt":"2022-04-22T15:33:15","guid":{"rendered":"http:\/\/demain-on-change-tout.local\/?page_id=539"},"modified":"2025-11-09T18:12:50","modified_gmt":"2025-11-09T17:12:50","slug":"compagnie","status":"publish","type":"page","link":"https:\/\/demainonchangetout.fr\/en\/compagnie\/","title":{"rendered":"The Company"},"content":{"rendered":"<div data-elementor-type=\"wp-page\" data-elementor-id=\"539\" class=\"elementor elementor-539\" data-elementor-post-type=\"page\">\n\t\t\t\t\t\t<section class=\"elementor-section elementor-top-section elementor-element elementor-element-32ebf42 elementor-section-boxed elementor-section-height-default elementor-section-height-default\" data-id=\"32ebf42\" data-element_type=\"section\">\n\t\t\t\t\t\t<div class=\"elementor-container elementor-column-gap-default\">\n\t\t\t\t\t<div class=\"elementor-column elementor-col-100 elementor-top-column elementor-element elementor-element-319b254\" data-id=\"319b254\" data-element_type=\"column\">\n\t\t\t<div class=\"elementor-widget-wrap elementor-element-populated\">\n\t\t\t\t\t\t<div class=\"elementor-element elementor-element-cbe1299 elementor-widget elementor-widget-heading\" data-id=\"cbe1299\" data-element_type=\"widget\" data-widget_type=\"heading.default\">\n\t\t\t\t<div class=\"elementor-widget-container\">\n\t\t\t\t\t<h2 class=\"elementor-heading-title elementor-size-medium\">The Company<\/h2>\t\t\t\t<\/div>\n\t\t\t\t<\/div>\n\t\t\t\t\t<\/div>\n\t\t<\/div>\n\t\t\t\t\t<\/div>\n\t\t<\/section>\n\t\t\t\t<section class=\"elementor-section elementor-top-section elementor-element elementor-element-70aade6 elementor-section-full_width elementor-section-height-min-height elementor-section-height-default elementor-section-items-middle\" data-id=\"70aade6\" data-element_type=\"section\" data-settings=\"{&quot;background_background&quot;:&quot;classic&quot;}\">\n\t\t\t\t\t\t<div class=\"elementor-container elementor-column-gap-default\">\n\t\t\t\t\t<div class=\"elementor-column elementor-col-100 elementor-top-column elementor-element elementor-element-ac6604e\" data-id=\"ac6604e\" data-element_type=\"column\">\n\t\t\t<div class=\"elementor-widget-wrap\">\n\t\t\t\t\t\t\t<\/div>\n\t\t<\/div>\n\t\t\t\t\t<\/div>\n\t\t<\/section>\n\t\t\t\t<section class=\"elementor-section elementor-top-section elementor-element elementor-element-65c0446 elementor-section-boxed elementor-section-height-default elementor-section-height-default\" data-id=\"65c0446\" data-element_type=\"section\">\n\t\t\t\t\t\t<div class=\"elementor-container elementor-column-gap-default\">\n\t\t\t\t\t<div class=\"elementor-column elementor-col-100 elementor-top-column elementor-element elementor-element-10361d3\" data-id=\"10361d3\" data-element_type=\"column\">\n\t\t\t<div class=\"elementor-widget-wrap elementor-element-populated\">\n\t\t\t\t\t\t<section class=\"elementor-section elementor-inner-section elementor-element elementor-element-e376420 elementor-section-boxed elementor-section-height-default elementor-section-height-default\" data-id=\"e376420\" data-element_type=\"section\">\n\t\t\t\t\t\t<div class=\"elementor-container elementor-column-gap-default\">\n\t\t\t\t\t<div class=\"elementor-column elementor-col-100 elementor-inner-column elementor-element elementor-element-7c8d370\" data-id=\"7c8d370\" data-element_type=\"column\">\n\t\t\t<div class=\"elementor-widget-wrap elementor-element-populated\">\n\t\t\t\t\t\t<div class=\"elementor-element elementor-element-3814049 elementor-widget elementor-widget-text-editor\" data-id=\"3814049\" data-element_type=\"widget\" data-widget_type=\"text-editor.default\">\n\t\t\t\t<div class=\"elementor-widget-container\">\n\t\t\t\t\t\t\t\t\t<p class=\"translation-block\">The Company \"Demain On Change Tout\" was created following work carried out in 2015 with the Municipality of Aubervilliers (93), at the Villa Mais d'Ici. These were neighborhood workshops with the inhabitants, this is where the puppet of the Man Bird was built.<\/p>\n<p class=\"translation-block\">Following numerous informal outings, the association \u201cAmani et Framboise\u201d created the company Demain on change tout and was formed with the intervention of various contributors (musicians, circus performers, actors, builders).<\/p>\n<p>With the help of Eric de Sarria (actor, puppeteer and trainer, Compagny Philippe Genty) and the poetic texts created for the show by Pierre-Henri Vankerrebrouck, the Cie Demain On Change Tout focuses its work on writing, and improvisation, nourished by his various encounters with artists, audiences and places, during his many wanderings.<\/p>\n<p class=\"translation-block\">In 2016, the Mus\u00e9e des Arts Forains is programming the show \u201cThe Bird Man and his et son Chimera Orchestra\u201d. This collaboration becomes a regular partnership and the hosting of storage, rehearsals and collaboration at Le Nid within the town of Mitry-Mory will give the \u201cAmani et Framboise\u201d association its final form.<\/p>\n<p class=\"translation-block\">Since then, the association has had the opportunity to train various trainees, offers workshops and shows in France and abroad.<\/p>\n<p>The Compagny Demain On Change Tout has since evolved through different artistic forms: Musical and Theatrical Ambulatory Show, Workshops, Parades... on Original Music created by the Chimera Orchestra<\/p>\t\t\t\t\t\t\t\t<\/div>\n\t\t\t\t<\/div>\n\t\t\t\t\t<\/div>\n\t\t<\/div>\n\t\t\t\t\t<\/div>\n\t\t<\/section>\n\t\t\t\t\t<\/div>\n\t\t<\/div>\n\t\t\t\t\t<\/div>\n\t\t<\/section>\n\t\t\t\t<section class=\"elementor-section elementor-top-section elementor-element elementor-element-754a57a elementor-section-boxed elementor-section-height-default elementor-section-height-default\" data-id=\"754a57a\" data-element_type=\"section\">\n\t\t\t\t\t\t<div class=\"elementor-container elementor-column-gap-default\">\n\t\t\t\t\t<div class=\"elementor-column elementor-col-100 elementor-top-column elementor-element elementor-element-bf85ffe\" data-id=\"bf85ffe\" data-element_type=\"column\">\n\t\t\t<div class=\"elementor-widget-wrap elementor-element-populated\">\n\t\t\t\t\t\t<div class=\"elementor-element elementor-element-e12d5de elementor-widget elementor-widget-spacer\" data-id=\"e12d5de\" data-element_type=\"widget\" data-widget_type=\"spacer.default\">\n\t\t\t\t<div class=\"elementor-widget-container\">\n\t\t\t\t\t\t\t<div class=\"elementor-spacer\">\n\t\t\t<div class=\"elementor-spacer-inner\"><\/div>\n\t\t<\/div>\n\t\t\t\t\t\t<\/div>\n\t\t\t\t<\/div>\n\t\t\t\t<div class=\"elementor-element elementor-element-7bead16 elementor-widget elementor-widget-text-editor\" data-id=\"7bead16\" data-element_type=\"widget\" data-widget_type=\"text-editor.default\">\n\t\t\t\t<div class=\"elementor-widget-container\">\n\t\t\t\t\t\t\t\t\t<p><strong>DROITS D&rsquo;AUTEUR ET DE REPRODUCTION<\/strong><\/p>\t\t\t\t\t\t\t\t<\/div>\n\t\t\t\t<\/div>\n\t\t\t\t<div class=\"elementor-element elementor-element-bfd55a8 elementor-widget elementor-widget-text-editor\" data-id=\"bfd55a8\" data-element_type=\"widget\" data-widget_type=\"text-editor.default\">\n\t\t\t\t<div class=\"elementor-widget-container\">\n\t\t\t\t\t\t\t\t\t<div dir=\"auto\">Notre compagnie cr\u00e9\u00e9 des spectacles qui demandent du temps, de l\u2019\u00e9nergie, de l\u2019imagination et le travail de nombreux artistes. Chaque mise en sc\u00e8ne, chaque chor\u00e9graphie, chaque texte et chaque visuel fait partie d\u2019une \u0153uvre originale. \u00c0 ce titre, ils sont prot\u00e9g\u00e9s par le droit d\u2019auteur.<\/div><div dir=\"auto\">\u00a0<\/div><div dir=\"auto\">En tant que cr\u00e9ateurs, nous d\u00e9tenons l\u2019ensemble des droits li\u00e9s \u00e0 ces \u0153uvres :<\/div><div dir=\"auto\">le concept, les sc\u00e9narii, les marionnettes, les costumes, les syst\u00e8mes son, la musique et tout autre contenu des spectacles que nous pr\u00e9sentons<\/div><div dir=\"auto\">\u00a0<\/div><div dir=\"auto\">Cela signifie que nous sommes les seuls \u00e0 pouvoir autoriser ou refuser leur reproduction, qu\u2019elle soit partielle ou totale. Cette protection existe pour pr\u00e9server l\u2019int\u00e9grit\u00e9 artistique de nos spectacles, mais aussi pour garantir que le travail des \u00e9quipes soit respect\u00e9.<\/div><div dir=\"auto\">\u00a0<\/div><div dir=\"auto\">Toute reproduction, diffusion ou utilisation non autoris\u00e9e de nos contenus n\u2019est donc pas permise. Cela inclut les captations vid\u00e9o ou audio, la reproduction de textes, d\u2019images, d\u2019extraits sc\u00e9niques ou de tout autre \u00e9l\u00e9ment artistique issu de nos spectacles.<\/div><div dir=\"auto\">\u00a0<\/div><div dir=\"auto\">Si vous souhaitez utiliser un contenu, en partager un extrait ou obtenir un droit sp\u00e9cifique, nous vous invitons \u00e0 nous contacter. Nous \u00e9tudierons chaque demande avec attention, dans le respect de nos cr\u00e9ations et de leurs auteurs.<\/div><div dir=\"auto\">\u00a0<\/div><div dir=\"auto\">Merci de contribuer, par votre respect de ces r\u00e8gles, \u00e0 soutenir le travail artistique et \u00e0 permettre \u00e0 nos projets de continuer \u00e0 vivre.<\/div><div dir=\"auto\">\u00a0<\/div>\t\t\t\t\t\t\t\t<\/div>\n\t\t\t\t<\/div>\n\t\t\t\t<div class=\"elementor-element elementor-element-368b5fd elementor-widget elementor-widget-spacer\" data-id=\"368b5fd\" data-element_type=\"widget\" data-widget_type=\"spacer.default\">\n\t\t\t\t<div class=\"elementor-widget-container\">\n\t\t\t\t\t\t\t<div class=\"elementor-spacer\">\n\t\t\t<div class=\"elementor-spacer-inner\"><\/div>\n\t\t<\/div>\n\t\t\t\t\t\t<\/div>\n\t\t\t\t<\/div>\n\t\t\t\t<div class=\"elementor-element elementor-element-998258d elementor-widget elementor-widget-text-editor\" data-id=\"998258d\" data-element_type=\"widget\" data-widget_type=\"text-editor.default\">\n\t\t\t\t<div class=\"elementor-widget-container\">\n\t\t\t\t\t\t\t\t\t<div dir=\"auto\"><strong>Copyright and Protection of Our Creative Work<\/strong><\/div><div dir=\"auto\">\u00a0<\/div><div dir=\"auto\">Our company creates performances that require time, energy, imagination, and the work of many artists. Each staging, choreography, text, and visual element is part of an original work. As such, it is protected by copyright.<\/div><div dir=\"auto\">\u00a0<\/div><div dir=\"auto\">As creators, we hold all rights related to these works : puppets, costums, musics, sound system, and all parts of performances.<\/div><div dir=\"auto\">This means we are the only ones who can authorize or refuse their reproduction, whether partial or complete. This protection exists to preserve the artistic integrity of our performances and to ensure that the work of our teams is respected.<\/div><div dir=\"auto\">\u00a0<\/div><div dir=\"auto\">Any reproduction, distribution, or use of our content without authorization is therefore not permitted. This includes video or audio recordings, reproduction of texts, images, stage excerpts, or any other artistic material from our performances.<\/div><div dir=\"auto\">\u00a0<\/div><div dir=\"auto\">If you wish to use content, share an excerpt, or request specific permission, please contact us. We will review each request with care, in respect of our creations and their authors.<\/div><div dir=\"auto\">\u00a0<\/div><div dir=\"auto\">Thank you for supporting our artistic work by respecting these rules and helping our projects continue to grow.<\/div><div>\u00a0<\/div>\t\t\t\t\t\t\t\t<\/div>\n\t\t\t\t<\/div>\n\t\t\t\t\t<\/div>\n\t\t<\/div>\n\t\t\t\t\t<\/div>\n\t\t<\/section>\n\t\t\t\t<section class=\"elementor-section elementor-top-section elementor-element elementor-element-cc1961c elementor-section-full_width elementor-section-height-default elementor-section-height-default\" data-id=\"cc1961c\" data-element_type=\"section\">\n\t\t\t\t\t\t<div class=\"elementor-container elementor-column-gap-default\">\n\t\t\t\t\t<div class=\"elementor-column elementor-col-100 elementor-top-column elementor-element elementor-element-51f24f9\" data-id=\"51f24f9\" data-element_type=\"column\">\n\t\t\t<div class=\"elementor-widget-wrap\">\n\t\t\t\t\t\t\t<\/div>\n\t\t<\/div>\n\t\t\t\t\t<\/div>\n\t\t<\/section>\n\t\t\t\t<\/div>","protected":false},"excerpt":{"rendered":"<p>La Compagnie La Compagnie \u00ab\u00a0Demain On Change Tout\u00a0\u00bb a vu le jour suite \u00e0 un travail effectu\u00e9 en 2015 avec la Commune d&rsquo;Aubervilliers (93), \u00e0 la Villa Mais d&rsquo;Ici. Il s&rsquo;agissait d&rsquo;ateliers de quartier avec les habitants, c&rsquo;est l\u00e0 qu&rsquo;a \u00e9t\u00e9 construite la marionnette de l&rsquo;Homme Oiseau. Suite \u00e0 de nombreuses sorties informelles, l&rsquo;association&nbsp;\u00ab\u00a0Amani et &hellip; <\/p>\n<p class=\"link-more\"><a href=\"https:\/\/demainonchangetout.fr\/en\/compagnie\/\" class=\"more-link\">Read more<span class=\"screen-reader-text\"> \u00ab\u00a0La Compagnie\u00a0\u00bb<\/span><\/a><\/p>","protected":false},"author":1,"featured_media":0,"parent":0,"menu_order":0,"comment_status":"closed","ping_status":"closed","template":"elementor_header_footer","meta":{"footnotes":""},"class_list":["post-539","page","type-page","status-publish","hentry"],"featured_media_urls":[],"_links":{"self":[{"href":"https:\/\/demainonchangetout.fr\/en\/wp-json\/wp\/v2\/pages\/539","targetHints":{"allow":["GET"]}}],"collection":[{"href":"https:\/\/demainonchangetout.fr\/en\/wp-json\/wp\/v2\/pages"}],"about":[{"href":"https:\/\/demainonchangetout.fr\/en\/wp-json\/wp\/v2\/types\/page"}],"author":[{"embeddable":true,"href":"https:\/\/demainonchangetout.fr\/en\/wp-json\/wp\/v2\/users\/1"}],"replies":[{"embeddable":true,"href":"https:\/\/demainonchangetout.fr\/en\/wp-json\/wp\/v2\/comments?post=539"}],"version-history":[{"count":3,"href":"https:\/\/demainonchangetout.fr\/en\/wp-json\/wp\/v2\/pages\/539\/revisions"}],"predecessor-version":[{"id":1339,"href":"https:\/\/demainonchangetout.fr\/en\/wp-json\/wp\/v2\/pages\/539\/revisions\/1339"}],"wp:attachment":[{"href":"https:\/\/demainonchangetout.fr\/en\/wp-json\/wp\/v2\/media?parent=539"}],"curies":[{"name":"wp","href":"https:\/\/api.w.org\/{rel}","templated":true}]}}