{"id":650,"date":"2022-04-29T09:41:13","date_gmt":"2022-04-29T09:41:13","guid":{"rendered":"http:\/\/demainonchangetout.fr\/?page_id=650"},"modified":"2022-06-01T15:51:00","modified_gmt":"2022-06-01T15:51:00","slug":"archives","status":"publish","type":"page","link":"https:\/\/demainonchangetout.fr\/en\/archives\/","title":{"rendered":"Archives"},"content":{"rendered":"<div data-elementor-type=\"wp-page\" data-elementor-id=\"650\" class=\"elementor elementor-650\" data-elementor-post-type=\"page\">\n\t\t\t\t\t\t<section class=\"elementor-section elementor-top-section elementor-element elementor-element-638353e elementor-section-boxed elementor-section-height-default elementor-section-height-default\" data-id=\"638353e\" data-element_type=\"section\">\n\t\t\t\t\t\t<div class=\"elementor-container elementor-column-gap-default\">\n\t\t\t\t\t<div class=\"elementor-column elementor-col-100 elementor-top-column elementor-element elementor-element-60c45b7\" data-id=\"60c45b7\" data-element_type=\"column\">\n\t\t\t<div class=\"elementor-widget-wrap elementor-element-populated\">\n\t\t\t\t\t\t<div class=\"elementor-element elementor-element-3eff3cd elementor-widget elementor-widget-heading\" data-id=\"3eff3cd\" data-element_type=\"widget\" data-widget_type=\"heading.default\">\n\t\t\t\t<div class=\"elementor-widget-container\">\n\t\t\t\t\t<h2 class=\"elementor-heading-title elementor-size-default\">Archives<\/h2>\t\t\t\t<\/div>\n\t\t\t\t<\/div>\n\t\t\t\t\t<\/div>\n\t\t<\/div>\n\t\t\t\t\t<\/div>\n\t\t<\/section>\n\t\t\t\t<section class=\"elementor-section elementor-top-section elementor-element elementor-element-a11e0bd elementor-section-boxed elementor-section-height-default elementor-section-height-default\" data-id=\"a11e0bd\" data-element_type=\"section\">\n\t\t\t\t\t\t<div class=\"elementor-container elementor-column-gap-default\">\n\t\t\t\t\t<div class=\"elementor-column elementor-col-100 elementor-top-column elementor-element elementor-element-b28f62d\" data-id=\"b28f62d\" data-element_type=\"column\">\n\t\t\t<div class=\"elementor-widget-wrap elementor-element-populated\">\n\t\t\t\t\t\t<section class=\"elementor-section elementor-inner-section elementor-element elementor-element-d493574 elementor-section-boxed elementor-section-height-default elementor-section-height-default\" data-id=\"d493574\" data-element_type=\"section\">\n\t\t\t\t\t\t<div class=\"elementor-container elementor-column-gap-default\">\n\t\t\t\t\t<div class=\"elementor-column elementor-col-50 elementor-inner-column elementor-element elementor-element-e78c773\" data-id=\"e78c773\" data-element_type=\"column\">\n\t\t\t<div class=\"elementor-widget-wrap elementor-element-populated\">\n\t\t\t\t\t\t<div class=\"elementor-element elementor-element-82fa592 elementor-widget elementor-widget-toggle\" data-id=\"82fa592\" data-element_type=\"widget\" data-widget_type=\"toggle.default\">\n\t\t\t\t<div class=\"elementor-widget-container\">\n\t\t\t\t\t\t\t<div class=\"elementor-toggle\">\n\t\t\t\t\t\t\t<div class=\"elementor-toggle-item\">\n\t\t\t\t\t<div id=\"elementor-tab-title-1371\" class=\"elementor-tab-title\" data-tab=\"1\" role=\"button\" aria-controls=\"elementor-tab-content-1371\" aria-expanded=\"false\">\n\t\t\t\t\t\t\t\t\t\t\t\t<span class=\"elementor-toggle-icon elementor-toggle-icon-left\" aria-hidden=\"true\">\n\t\t\t\t\t\t\t\t\t\t\t\t\t\t\t<span class=\"elementor-toggle-icon-closed\"><i class=\"fas fa-caret-right\"><\/i><\/span>\n\t\t\t\t\t\t\t\t<span class=\"elementor-toggle-icon-opened\"><i class=\"elementor-toggle-icon-opened fas fa-caret-up\"><\/i><\/span>\n\t\t\t\t\t\t\t\t\t\t\t\t\t<\/span>\n\t\t\t\t\t\t\t\t\t\t\t\t<a class=\"elementor-toggle-title\" tabindex=\"0\">Press<\/a>\n\t\t\t\t\t<\/div>\n\n\t\t\t\t\t<div id=\"elementor-tab-content-1371\" class=\"elementor-tab-content elementor-clearfix\" data-tab=\"1\" role=\"region\" aria-labelledby=\"elementor-tab-title-1371\"><p><a href=\"https:\/\/drive.google.com\/file\/d\/0B_jBCvaXGqmtTjY2MjB3eDF4d3c\/view?usp=sharing\">Czechia<\/a><\/p><p><a href=\"https:\/\/drive.google.com\/open?id=0B_jBCvaXGqmtaUZ4UndybmtQdnc\">L&rsquo;Ardennais<\/a><\/p><p><a href=\"http:\/\/france3-regions.francetvinfo.fr\/midi-pyrenees\/ariege\/poetique-et-merveilleux-le-festival-de-marionnettes-de-mirepoix-783957.html\">France 3 Midi Pyr\u00e9n\u00e9es<\/a><\/p><\/div>\n\t\t\t\t<\/div>\n\t\t\t\t\t\t\t<div class=\"elementor-toggle-item\">\n\t\t\t\t\t<div id=\"elementor-tab-title-1372\" class=\"elementor-tab-title\" data-tab=\"2\" role=\"button\" aria-controls=\"elementor-tab-content-1372\" aria-expanded=\"false\">\n\t\t\t\t\t\t\t\t\t\t\t\t<span class=\"elementor-toggle-icon elementor-toggle-icon-left\" aria-hidden=\"true\">\n\t\t\t\t\t\t\t\t\t\t\t\t\t\t\t<span class=\"elementor-toggle-icon-closed\"><i class=\"fas fa-caret-right\"><\/i><\/span>\n\t\t\t\t\t\t\t\t<span class=\"elementor-toggle-icon-opened\"><i class=\"elementor-toggle-icon-opened fas fa-caret-up\"><\/i><\/span>\n\t\t\t\t\t\t\t\t\t\t\t\t\t<\/span>\n\t\t\t\t\t\t\t\t\t\t\t\t<a class=\"elementor-toggle-title\" tabindex=\"0\">Video<\/a>\n\t\t\t\t\t<\/div>\n\n\t\t\t\t\t<div id=\"elementor-tab-content-1372\" class=\"elementor-tab-content elementor-clearfix\" data-tab=\"2\" role=\"region\" aria-labelledby=\"elementor-tab-title-1372\"><p><a href=\"https:\/\/drive.google.com\/file\/d\/0B_jBCvaXGqmtV1JrblpHd2k2Q2M\/view?usp=sharing\">Teaser 2016<\/a><\/p><p><a href=\"https:\/\/drive.google.com\/file\/d\/0B_jBCvaXGqmtX2JBVmNSZWw1Nm8\/view?usp=sharing\">Film de poche: extraits de rue<\/a><\/p><p><a href=\"https:\/\/drive.google.com\/file\/d\/0B_jBCvaXGqmtOEFZMTI1dXpVMTA\/view?usp=sharing\">Spectacle Version Parade avec voiture (batterie) et deux marionnettes, Film de poche : Fusion festival, Allemagne<\/a><\/p><p><a href=\"https:\/\/drive.google.com\/file\/d\/0B_jBCvaXGqmtYjRick1faVJKTjA\/view?usp=sharing\">Documentaire TV France net info Aurillac 2016<\/a><\/p><p><a href=\"https:\/\/drive.google.com\/file\/d\/0B_jBCvaXGqmtcHl1dXZfSTFEeEk\/view?usp=sharing\">Street Festival in Ostrava, R\u00e9publique tch\u00e8que 2016<\/a><\/p><p><a href=\"https:\/\/drive.google.com\/file\/d\/0B_jBCvaXGqmtX1k0TG5FTjVGdHM\/view?usp=sharing\">Arkhangelsk\u00a0International\u00a0Street\u00a0Theater\u00a0Festival,\u00a0Russie<\/a><\/p><p><a href=\"https:\/\/drive.google.com\/file\/d\/0B_jBCvaXGqmtd1NzQmtsaGNsZW8\/view?usp=sharing\">Festival du merveilleux, Mus\u00e9e des arts forains 2015<\/a><\/p><p><a href=\"https:\/\/drive.google.com\/file\/d\/0B_jBCvaXGqmtWUxOenJLNG50VVU\/view?usp=sharing\">Documentaire du festival Parade de Nanterre 2016<\/a><\/p><p><a href=\"https:\/\/drive.google.com\/file\/d\/0B_jBCvaXGqmtZlZOeVNqR1VpOGc\/view?usp=sharing\">Documentaire TV FR3 Mus\u00e9e des arts forains<\/a><\/p><p><a href=\"https:\/\/drive.google.com\/file\/d\/0B_jBCvaXGqmtUGtxVGtIRzdXa0E\/view?usp=sharing\">Souvenir du MIMA festival<\/a><\/p><\/div>\n\t\t\t\t<\/div>\n\t\t\t\t\t\t\t\t<\/div>\n\t\t\t\t\t\t<\/div>\n\t\t\t\t<\/div>\n\t\t\t\t\t<\/div>\n\t\t<\/div>\n\t\t\t\t<div class=\"elementor-column elementor-col-50 elementor-inner-column elementor-element elementor-element-ba510d1\" data-id=\"ba510d1\" data-element_type=\"column\" data-settings=\"{&quot;background_background&quot;:&quot;classic&quot;}\">\n\t\t\t<div class=\"elementor-widget-wrap\">\n\t\t\t\t\t\t\t<\/div>\n\t\t<\/div>\n\t\t\t\t\t<\/div>\n\t\t<\/section>\n\t\t\t\t\t<\/div>\n\t\t<\/div>\n\t\t\t\t\t<\/div>\n\t\t<\/section>\n\t\t\t\t<\/div>","protected":false},"excerpt":{"rendered":"<p>Archives Articles Tch\u00e9quie L&rsquo;Ardennais France 3 Midi Pyr\u00e9n\u00e9es Vid\u00e9os Teaser 2016 Film de poche: extraits de rue Spectacle Version Parade avec voiture (batterie) et deux marionnettes, Film de poche : Fusion festival, Allemagne Documentaire TV France net info Aurillac 2016 Street Festival in Ostrava, R\u00e9publique tch\u00e8que 2016 Arkhangelsk\u00a0International\u00a0Street\u00a0Theater\u00a0Festival,\u00a0Russie Festival du merveilleux, Mus\u00e9e des arts forains &hellip; <\/p>\n<p class=\"link-more\"><a href=\"https:\/\/demainonchangetout.fr\/en\/archives\/\" class=\"more-link\">Read more<span class=\"screen-reader-text\"> \u00ab\u00a0Archives\u00a0\u00bb<\/span><\/a><\/p>","protected":false},"author":1,"featured_media":0,"parent":0,"menu_order":0,"comment_status":"closed","ping_status":"closed","template":"elementor_header_footer","meta":{"footnotes":""},"class_list":["post-650","page","type-page","status-publish","hentry"],"featured_media_urls":[],"_links":{"self":[{"href":"https:\/\/demainonchangetout.fr\/en\/wp-json\/wp\/v2\/pages\/650","targetHints":{"allow":["GET"]}}],"collection":[{"href":"https:\/\/demainonchangetout.fr\/en\/wp-json\/wp\/v2\/pages"}],"about":[{"href":"https:\/\/demainonchangetout.fr\/en\/wp-json\/wp\/v2\/types\/page"}],"author":[{"embeddable":true,"href":"https:\/\/demainonchangetout.fr\/en\/wp-json\/wp\/v2\/users\/1"}],"replies":[{"embeddable":true,"href":"https:\/\/demainonchangetout.fr\/en\/wp-json\/wp\/v2\/comments?post=650"}],"version-history":[{"count":0,"href":"https:\/\/demainonchangetout.fr\/en\/wp-json\/wp\/v2\/pages\/650\/revisions"}],"wp:attachment":[{"href":"https:\/\/demainonchangetout.fr\/en\/wp-json\/wp\/v2\/media?parent=650"}],"curies":[{"name":"wp","href":"https:\/\/api.w.org\/{rel}","templated":true}]}}